{"id":10797,"date":"2021-08-06T13:59:09","date_gmt":"2021-08-06T11:59:09","guid":{"rendered":"https:\/\/www.voluntariness.org\/impressum\/"},"modified":"2021-09-08T14:41:26","modified_gmt":"2021-09-08T12:41:26","slug":"impressum","status":"publish","type":"page","link":"https:\/\/www.voluntariness.org\/de\/impressum\/","title":{"rendered":"Impressum"},"content":{"rendered":"<section class=\"l-section wpb_row height_auto width_full color_primary with_shape\"><div class=\"l-section-shape type_curve-inv pos_bottom\" style=\"height:15vmin;\"><svg xmlns=\"http:\/\/www.w3.org\/2000\/svg\" viewBox=\"0 8 64 8\" preserveAspectRatio=\"none\" width=\"100%\" height=\"100%\">\r\n\t<path fill=\"currentColor\" d=\"M64 15.9 Q32 0.4 0 15.9 L0 18 L64 18 Z\"\/>\r\n<\/svg><\/div><div class=\"l-section-h i-cf\"><div class=\"g-cols vc_row via_flex valign_bottom type_default stacking_default\"><div class=\"vc_col-sm-12 wpb_column vc_column_container\"><div class=\"vc_column-inner\"><div class=\"wpb_wrapper\"><div class=\"w-image us_custom_a5960a48 align_none\"><a title=\"Home\" href=\"https:\/\/www.voluntariness.org\/de\/\" aria-label=\"fv_logo_header_gedreht\" class=\"w-image-h\"><img decoding=\"async\" width=\"300\" height=\"300\" src=\"https:\/\/www.voluntariness.org\/wp-content\/uploads\/sites\/2\/2021\/09\/fv_logo_header_gedreht-300x300.png\" class=\"attachment-us_300_300 size-us_300_300\" alt=\"\" loading=\"lazy\" srcset=\"https:\/\/www.voluntariness.org\/wp-content\/uploads\/sites\/2\/2021\/09\/fv_logo_header_gedreht-300x300.png 300w, https:\/\/www.voluntariness.org\/wp-content\/uploads\/sites\/2\/2021\/09\/fv_logo_header_gedreht-250x250.png 250w, https:\/\/www.voluntariness.org\/wp-content\/uploads\/sites\/2\/2021\/09\/fv_logo_header_gedreht-150x150.png 150w, https:\/\/www.voluntariness.org\/wp-content\/uploads\/sites\/2\/2021\/09\/fv_logo_header_gedreht.png 710w\" sizes=\"auto, (max-width: 300px) 100vw, 300px\" \/><\/a><\/div><\/div><\/div><\/div><\/div><\/div><\/section><section class=\"l-section wpb_row height_medium\"><div class=\"l-section-h i-cf\"><div class=\"g-cols vc_row via_flex valign_top type_default stacking_default\"><div class=\"vc_col-sm-12 wpb_column vc_column_container\"><div class=\"vc_column-inner\"><div class=\"wpb_wrapper\"><div class=\"wpb_text_column us_custom_432d3f53\"><div class=\"wpb_wrapper\"><h1>Impressum<\/h1>\n<h2>Angaben gem\u00e4\u00df \u00a7 5 TMG:<\/h2>\n<p><strong>\u00a0<\/strong>Universit\u00e4t Erfurt\u00a0\u00a0 |\u00a0\u00a0 Nordh\u00e4user Str. 63 \u00a0 | \u00a0 99089 Erfurt\u00a0\u00a0 |\u00a0\u00a0 Internet: <a href=\"http:\/\/www.uni-erfurt.de\">www.uni-erfurt.de<\/a><\/p>\n<p>USt-IdNr.: DE 811 627 407<\/p>\n<p>Die Universit\u00e4t Erfurt ist eine K\u00f6rperschaft des \u00f6ffentlichen Rechts. Sie wird durch <a href=\"https:\/\/www.uni-erfurt.de\/universitaet\/organisation\/leitung\/bauer-wabnegg\">Prof. Dr. Walter Bauer-Wabnegg<\/a>, den Pr\u00e4sidenten der Universit\u00e4t Erfurt, gesetzlich vertreten.<\/p>\n<p>Zust\u00e4ndige Aufsichtsbeh\u00f6rde: Th\u00fcringer Ministerium f\u00fcr Wirtschaft, Wissenschaft und Digitale Gesellschaft (TMWWDG), Max-Reger-Stra\u00dfe 4-8, 99096 Erfurt<\/p>\n<h2>Inhaltlich verantwortlich nach \u00a7 55 Abs. 2 RStV:<\/h2>\n<p>Forschungsgruppe Freiwilligkeit<\/p>\n<p>Sprecher: <a href=\"https:\/\/www.voluntariness.org\/de\/project\/juergen-martschukat\/\">Prof. Dr. J\u00fcrgen Martschukat<\/a> (Universit\u00e4t Erfurt, Historisches Seminar, Professur f\u00fcr Nordamerikanische Geschichte)<\/p>\n<h3>Kontakt:<\/h3>\n<p>Universit\u00e4t Erfurt\u00a0\u00a0 |\u00a0\u00a0 Professur f\u00fcr Nordamerikanische Geschichte\u00a0\u00a0 |\u00a0\u00a0 Forschungsgruppe Freiwilligkeit<\/p>\n<p>Nordh\u00e4user Stra\u00dfe 63\u00a0\u00a0 |\u00a0\u00a0 Geb\u00e4ude 4, Raum 107\u00a0\u00a0 |\u00a0\u00a0 99089 Erfurt\u00a0\u00a0 |\u00a0\u00a0 Postfach 90 02 11\u00a0\u00a0 |\u00a0\u00a0 99105 Erfurt<\/p>\n<p>Wissenschaftliche Koordinatorin: <a href=\"https:\/\/www.voluntariness.org\/de\/project\/stefanie-buettner\/\">Stefanie B\u00fcttner<\/a><\/p>\n<p>Tel.: +49 (0)361-737-4412\u00a0\u00a0 |\u00a0\u00a0 Email: <a href=\"mailto:fg.freiwilligkeit@uni-erfurt.de\">fg.freiwilligkeit@uni-erfurt.de<\/a><\/p>\n<h2>Haftungsausschluss (Disclaimer)<\/h2>\n<h3>Haftung f\u00fcr Inhalte:<\/h3>\n<p>Als Diensteanbieter sind wir gem\u00e4\u00df \u00a7 7 Abs.1 TMG f\u00fcr eigene Inhalte auf diesen Seiten nach den allgemeinen Gesetzen verantwortlich. Nach \u00a7\u00a7 8 bis 10 TMG sind wir als Diensteanbieter jedoch nicht verpflichtet, \u00fcbermittelte oder gespeicherte fremde Informationen zu \u00fcberwachen oder nach Umst\u00e4nden zu forschen, die auf eine rechtswidrige T\u00e4tigkeit hinweisen. Verpflichtungen zur Entfernung oder Sperrung der Nutzung von Informationen nach den allgemeinen Gesetzen bleiben hiervon unber\u00fchrt. Eine diesbez\u00fcgliche Haftung ist jedoch erst ab dem Zeitpunkt der Kenntnis einer konkreten Rechtsverletzung m\u00f6glich. Bei Bekanntwerden von entsprechenden Rechtsverletzungen werden wir diese Inhalte umgehend entfernen.<\/p>\n<h3>Haftung f\u00fcr Links:<\/h3>\n<p>Unser Angebot enth\u00e4lt Links zu externen Webseiten Dritter, auf deren Inhalte wir keinen Einfluss haben. Deshalb k\u00f6nnen wir f\u00fcr diese fremden Inhalte auch keine Gew\u00e4hr \u00fcbernehmen. F\u00fcr die Inhalte der verlinkten Seiten ist stets der jeweilige Anbieter oder Betreiber der Seiten verantwortlich. Die verlinkten Seiten wurden zum Zeitpunkt der Verlinkung auf m\u00f6gliche Rechtsverst\u00f6\u00dfe \u00fcberpr\u00fcft. Rechtswidrige Inhalte waren zum Zeitpunkt der Verlinkung nicht erkennbar. Eine permanente inhaltliche Kontrolle der verlinkten Seiten ist jedoch ohne konkrete Anhaltspunkte einer Rechtsverletzung nicht zumutbar. Bei Bekanntwerden von Rechtsverletzungen werden wir derartige Links umgehend entfernen. Au\u00dferdem befinden sich Links verschiedener Streaming- und Social Media-Plattformen auf unserer Seite. Hinweise zum Umgang mit Daten in Bezug auf diese Seiten entnehmen Sie bitte unserer Datenschutzerkl\u00e4rung.<\/p>\n<h3>Urheberrecht:<\/h3>\n<p>Die durch die Seitenbetreiber erstellten Inhalte und Werke auf diesen Seiten unterliegen dem deutschen Urheberrecht. Die Vervielf\u00e4ltigung, Bearbeitung, Verbreitung und jede Art der Verwertung au\u00dferhalb der Grenzen des Urheberrechtes bed\u00fcrfen der schriftlichen Zustimmung des jeweiligen Autors bzw. Erstellers. Downloads und Kopien dieser Seite sind nur f\u00fcr den privaten, nicht kommerziellen Gebrauch gestattet. Soweit die Inhalte auf dieser Seite nicht vom Betreiber erstellt wurden, werden die Urheberrechte Dritter beachtet. Insbesondere werden Inhalte Dritter als solche gekennzeichnet. Sollten Sie trotzdem auf eine Urheberrechtsverletzung aufmerksam werden, bitten wir um einen entsprechenden Hinweis. Bei Bekanntwerden von Rechtsverletzungen werden wir derartige Inhalte umgehend entfernen.<\/p>\n<p>Alle verwendeten Grafiken und Bilder sind urheberrechtlich gesch\u00fctzt. Alle Fotos d\u00fcrfen nur mit Genehmigung des jeweiligen Urhebers kopiert und weiterverwendet werden. Das Urheberrecht f\u00fcr die ver\u00f6ffentlichten Texte liegt beim Betreiber der Seite. Einzelne Textpassagen sowie vollst\u00e4ndige Texte d\u00fcrfen zitiert werden, sofern Urheber und Quelle kenntlich gemacht werden.<\/p>\n<\/div><\/div><\/div><\/div><\/div><\/div><\/div><\/section>\n","protected":false},"excerpt":{"rendered":"Impressum Angaben gem\u00e4\u00df \u00a7 5 TMG: \u00a0Universit\u00e4t Erfurt\u00a0\u00a0 |\u00a0\u00a0 Nordh\u00e4user Str. 63 \u00a0 | \u00a0 99089 Erfurt\u00a0\u00a0 |\u00a0\u00a0 Internet: www.uni-erfurt.de USt-IdNr.: DE 811 627 407 Die Universit\u00e4t Erfurt ist eine K\u00f6rperschaft des \u00f6ffentlichen Rechts. Sie wird durch Prof. Dr. Walter Bauer-Wabnegg, den Pr\u00e4sidenten der Universit\u00e4t Erfurt, gesetzlich vertreten. Zust\u00e4ndige Aufsichtsbeh\u00f6rde: Th\u00fcringer Ministerium f\u00fcr Wirtschaft, Wissenschaft...","protected":false},"author":4,"featured_media":11198,"parent":0,"menu_order":0,"comment_status":"closed","ping_status":"closed","template":"","meta":{"footnotes":""},"class_list":["post-10797","page","type-page","status-publish","has-post-thumbnail","hentry"],"_links":{"self":[{"href":"https:\/\/www.voluntariness.org\/de\/wp-json\/wp\/v2\/pages\/10797","targetHints":{"allow":["GET"]}}],"collection":[{"href":"https:\/\/www.voluntariness.org\/de\/wp-json\/wp\/v2\/pages"}],"about":[{"href":"https:\/\/www.voluntariness.org\/de\/wp-json\/wp\/v2\/types\/page"}],"author":[{"embeddable":true,"href":"https:\/\/www.voluntariness.org\/de\/wp-json\/wp\/v2\/users\/4"}],"replies":[{"embeddable":true,"href":"https:\/\/www.voluntariness.org\/de\/wp-json\/wp\/v2\/comments?post=10797"}],"version-history":[{"count":5,"href":"https:\/\/www.voluntariness.org\/de\/wp-json\/wp\/v2\/pages\/10797\/revisions"}],"predecessor-version":[{"id":11208,"href":"https:\/\/www.voluntariness.org\/de\/wp-json\/wp\/v2\/pages\/10797\/revisions\/11208"}],"wp:featuredmedia":[{"embeddable":true,"href":"https:\/\/www.voluntariness.org\/de\/wp-json\/wp\/v2\/media\/11198"}],"wp:attachment":[{"href":"https:\/\/www.voluntariness.org\/de\/wp-json\/wp\/v2\/media?parent=10797"}],"curies":[{"name":"wp","href":"https:\/\/api.w.org\/{rel}","templated":true}]}}